{"id":1362,"date":"2025-03-06T03:21:02","date_gmt":"2025-03-06T03:21:02","guid":{"rendered":"https:\/\/stopyourforeclosure.co\/about-us\/"},"modified":"2025-03-29T01:38:54","modified_gmt":"2025-03-29T01:38:54","slug":"about-us","status":"publish","type":"page","link":"https:\/\/stopyourforeclosure.co\/es_es\/about-us\/","title":{"rendered":"About Us"},"content":{"rendered":"<div data-elementor-type=\"wp-post\" data-elementor-id=\"1362\" class=\"elementor elementor-1362\" data-elementor-post-type=\"page\">\n\t\t\t\t<div class=\"elementor-element elementor-element-6fa6c25 e-flex e-con-boxed wpr-particle-no wpr-jarallax-no wpr-parallax-no wpr-sticky-section-no e-con e-parent\" data-id=\"6fa6c25\" data-element_type=\"container\" data-e-type=\"container\" data-settings=\"{&quot;background_background&quot;:&quot;classic&quot;}\">\n\t\t\t\t\t<div class=\"e-con-inner\">\n\t\t<div class=\"elementor-element elementor-element-d8519b3 e-con-full e-flex wpr-particle-no wpr-jarallax-no wpr-parallax-no wpr-sticky-section-no e-con e-child\" data-id=\"d8519b3\" data-element_type=\"container\" data-e-type=\"container\">\n\t\t\t\t<div class=\"elementor-element elementor-element-e03906a elementor-widget elementor-widget-heading\" data-id=\"e03906a\" data-element_type=\"widget\" data-e-type=\"widget\" data-widget_type=\"heading.default\">\n\t\t\t\t<div class=\"elementor-widget-container\">\n\t\t\t\t\t<h1 class=\"elementor-heading-title elementor-size-default\">Comprometidos con tu tranquilidad financiera<\/h1>\t\t\t\t<\/div>\n\t\t\t\t<\/div>\n\t\t\t\t<\/div>\n\t\t\t\t\t<\/div>\n\t\t\t\t<\/div>\n\t\t<div class=\"elementor-element elementor-element-e16559b e-flex e-con-boxed wpr-particle-no wpr-jarallax-no wpr-parallax-no wpr-sticky-section-no e-con e-parent\" data-id=\"e16559b\" data-element_type=\"container\" data-e-type=\"container\" data-settings=\"{&quot;background_background&quot;:&quot;classic&quot;}\">\n\t\t\t\t\t<div class=\"e-con-inner\">\n\t\t<div class=\"elementor-element elementor-element-edcebcf e-con-full e-flex wpr-particle-no wpr-jarallax-no wpr-parallax-no wpr-sticky-section-no e-con e-child\" data-id=\"edcebcf\" data-element_type=\"container\" data-e-type=\"container\">\n\t\t\t\t<div class=\"elementor-element elementor-element-96820d3 elementor-widget elementor-widget-heading\" data-id=\"96820d3\" data-element_type=\"widget\" data-e-type=\"widget\" data-widget_type=\"heading.default\">\n\t\t\t\t<div class=\"elementor-widget-container\">\n\t\t\t\t\t<h2 class=\"elementor-heading-title elementor-size-default\">Experiencia y empat\u00eda a tu servicio<\/h2>\t\t\t\t<\/div>\n\t\t\t\t<\/div>\n\t\t\t\t<div class=\"elementor-element elementor-element-aed305a elementor-widget elementor-widget-text-editor\" data-id=\"aed305a\" data-element_type=\"widget\" data-e-type=\"widget\" data-widget_type=\"text-editor.default\">\n\t\t\t\t<div class=\"elementor-widget-container\">\n\t\t\t\t\t\t\t\t\t<p>Stop My Foreclosure naci\u00f3 con un prop\u00f3sito claro: brindarte un proceso r\u00e1pido, transparente y sin complicaciones, con opciones reales para salvar tu hogar o vender sin estr\u00e9s. Con m\u00e1s de veinte a\u00f1os de experiencia ayudando a propietarios a evitar el riesgo de embargo, nuestra misi\u00f3n es ofrecerte alternativas seguras y efectivas para proteger tu hogar y tu estabilidad financiera.<\/p>\t\t\t\t\t\t\t\t<\/div>\n\t\t\t\t<\/div>\n\t\t\t\t<div class=\"elementor-element elementor-element-68061d7 elementor-widget-divider--view-line elementor-widget elementor-widget-divider\" data-id=\"68061d7\" data-element_type=\"widget\" data-e-type=\"widget\" data-widget_type=\"divider.default\">\n\t\t\t\t<div class=\"elementor-widget-container\">\n\t\t\t\t\t\t\t<div class=\"elementor-divider\">\n\t\t\t<span class=\"elementor-divider-separator\">\n\t\t\t\t\t\t<\/span>\n\t\t<\/div>\n\t\t\t\t\t\t<\/div>\n\t\t\t\t<\/div>\n\t\t<div class=\"elementor-element elementor-element-5e1bb4c e-con-full e-flex wpr-particle-no wpr-jarallax-no wpr-parallax-no wpr-sticky-section-no e-con e-child\" data-id=\"5e1bb4c\" data-element_type=\"container\" data-e-type=\"container\">\n\t\t<div class=\"elementor-element elementor-element-61a6132 e-con-full e-flex wpr-particle-no wpr-jarallax-no wpr-parallax-no wpr-sticky-section-no e-con e-child\" data-id=\"61a6132\" data-element_type=\"container\" data-e-type=\"container\">\n\t\t\t\t<div class=\"elementor-element elementor-element-356b0a1 elementor-widget elementor-widget-heading\" data-id=\"356b0a1\" data-element_type=\"widget\" data-e-type=\"widget\" data-widget_type=\"heading.default\">\n\t\t\t\t<div class=\"elementor-widget-container\">\n\t\t\t\t\t<h2 class=\"elementor-heading-title elementor-size-default\">Conoce a la experta detr\u00e1s de Stop My Foreclosure<\/h2>\t\t\t\t<\/div>\n\t\t\t\t<\/div>\n\t\t\t\t<div class=\"elementor-element elementor-element-8ecaa50 elementor-widget elementor-widget-text-editor\" data-id=\"8ecaa50\" data-element_type=\"widget\" data-e-type=\"widget\" data-widget_type=\"text-editor.default\">\n\t\t\t\t<div class=\"elementor-widget-container\">\n\t\t\t\t\t\t\t\t\t<p>Karina comenz\u00f3 su carrera como asistente legal en bienes ra\u00edces, trabajando con bancos en transacciones inmobiliarias. En 2008, obtuvo su licencia como vendedora de bienes ra\u00edces y, m\u00e1s tarde, como corredora. Tras la crisis del 2007-2008, vio la necesidad de ayudar a propietarios que enfrentaban hipotecas impagables y comenz\u00f3 a negociar ventas cortas, modificaciones de pr\u00e9stamos y alternativas a la riesgo de embargo. Su enfoque es honesto, profesional y humano, asegurando que cada cliente reciba la orientaci\u00f3n necesaria para empezar de nuevo.<\/p>\t\t\t\t\t\t\t\t<\/div>\n\t\t\t\t<\/div>\n\t\t\t\t<\/div>\n\t\t<div class=\"elementor-element elementor-element-12f0b9d e-con-full e-flex wpr-particle-no wpr-jarallax-no wpr-parallax-no wpr-sticky-section-no e-con e-child\" data-id=\"12f0b9d\" data-element_type=\"container\" data-e-type=\"container\">\n\t\t\t\t<div class=\"elementor-element elementor-element-d0839ce elementor-widget elementor-widget-image\" data-id=\"d0839ce\" data-element_type=\"widget\" data-e-type=\"widget\" data-widget_type=\"image.default\">\n\t\t\t\t<div class=\"elementor-widget-container\">\n\t\t\t\t\t\t\t\t\t\t\t\t\t\t\t<img fetchpriority=\"high\" decoding=\"async\" width=\"1024\" height=\"987\" src=\"https:\/\/stopyourforeclosure.co\/wp-content\/uploads\/2025\/03\/Karina-Prudencio-1024x987.png\" class=\"attachment-large size-large wp-image-1936\" alt=\"Karina Prudencio \u2013 Especialista en soluciones inmobiliarias\" srcset=\"https:\/\/stopyourforeclosure.co\/wp-content\/uploads\/2025\/03\/Karina-Prudencio-1024x987.png 1024w, https:\/\/stopyourforeclosure.co\/wp-content\/uploads\/2025\/03\/Karina-Prudencio-300x289.png 300w, https:\/\/stopyourforeclosure.co\/wp-content\/uploads\/2025\/03\/Karina-Prudencio-768x740.png 768w, https:\/\/stopyourforeclosure.co\/wp-content\/uploads\/2025\/03\/Karina-Prudencio-1536x1481.png 1536w, https:\/\/stopyourforeclosure.co\/wp-content\/uploads\/2025\/03\/Karina-Prudencio.png 2048w\" sizes=\"(max-width: 1024px) 100vw, 1024px\" \/>\t\t\t\t\t\t\t\t\t\t\t\t\t\t\t<\/div>\n\t\t\t\t<\/div>\n\t\t\t\t<div class=\"elementor-element elementor-element-1a52b29 elementor-widget elementor-widget-text-editor\" data-id=\"1a52b29\" data-element_type=\"widget\" data-e-type=\"widget\" data-widget_type=\"text-editor.default\">\n\t\t\t\t<div class=\"elementor-widget-container\">\n\t\t\t\t\t\t\t\t\t<p><strong>Karina Prudencio | Especialista en soluciones inmobiliarias<\/strong><\/p>\t\t\t\t\t\t\t\t<\/div>\n\t\t\t\t<\/div>\n\t\t\t\t<\/div>\n\t\t\t\t<\/div>\n\t\t\t\t<\/div>\n\t\t\t\t\t<\/div>\n\t\t\t\t<\/div>\n\t\t<div class=\"elementor-element elementor-element-8028fc2 e-flex e-con-boxed wpr-particle-no wpr-jarallax-no wpr-parallax-no wpr-sticky-section-no e-con e-parent\" data-id=\"8028fc2\" data-element_type=\"container\" data-e-type=\"container\" data-settings=\"{&quot;background_background&quot;:&quot;classic&quot;}\">\n\t\t\t\t\t<div class=\"e-con-inner\">\n\t\t\t\t<div class=\"elementor-element elementor-element-1a38392 elementor-widget elementor-widget-heading\" data-id=\"1a38392\" data-element_type=\"widget\" data-e-type=\"widget\" data-widget_type=\"heading.default\">\n\t\t\t\t<div class=\"elementor-widget-container\">\n\t\t\t\t\t<h2 class=\"elementor-heading-title elementor-size-default\">Comprometidos con tu tranquilidad<\/h2>\t\t\t\t<\/div>\n\t\t\t\t<\/div>\n\t\t\t\t<div class=\"elementor-element elementor-element-2e3c62b elementor-widget elementor-widget-text-editor\" data-id=\"2e3c62b\" data-element_type=\"widget\" data-e-type=\"widget\" data-widget_type=\"text-editor.default\">\n\t\t\t\t<div class=\"elementor-widget-container\">\n\t\t\t\t\t\t\t\t\t<p>Karina ha ayudado a cientos de propietarios de viviendas a evitar la ejecuci\u00f3n hipotecaria, brind\u00e1ndoles soluciones efectivas para vender sus casas r\u00e1pidamente y salvaguardar su bienestar financiero. <\/p><p>Stop My Foreclosure fue fundado con un prop\u00f3sito claro: ofrecerle un proceso r\u00e1pido, transparente y sencillo, presentando opciones reales para salvar su casa o vender sin estr\u00e9s.<\/p>\t\t\t\t\t\t\t\t<\/div>\n\t\t\t\t<\/div>\n\t\t\t\t\t<\/div>\n\t\t\t\t<\/div>\n\t\t<div class=\"elementor-element elementor-element-a67b581 e-flex e-con-boxed wpr-particle-no wpr-jarallax-no wpr-parallax-no wpr-sticky-section-no e-con e-parent\" data-id=\"a67b581\" data-element_type=\"container\" data-e-type=\"container\" data-settings=\"{&quot;background_background&quot;:&quot;classic&quot;}\">\n\t\t\t\t\t<div class=\"e-con-inner\">\n\t\t<div class=\"elementor-element elementor-element-1c85f25 e-con-full e-flex wpr-particle-no wpr-jarallax-no wpr-parallax-no wpr-sticky-section-no e-con e-child\" data-id=\"1c85f25\" data-element_type=\"container\" data-e-type=\"container\">\n\t\t\t\t<div class=\"elementor-element elementor-element-553faed elementor-widget elementor-widget-heading\" data-id=\"553faed\" data-element_type=\"widget\" data-e-type=\"widget\" data-widget_type=\"heading.default\">\n\t\t\t\t<div class=\"elementor-widget-container\">\n\t\t\t\t\t<h2 class=\"elementor-heading-title elementor-size-default\">Descubre c\u00f3mo podemos ayudarte a evitar el riesgo de embargo y recuperar tu tranquilidad.<\/h2>\t\t\t\t<\/div>\n\t\t\t\t<\/div>\n\t\t\t\t<\/div>\n\t\t<div class=\"elementor-element elementor-element-f98011a e-con-full e-flex wpr-particle-no wpr-jarallax-no wpr-parallax-no wpr-sticky-section-no e-con e-child\" data-id=\"f98011a\" data-element_type=\"container\" data-e-type=\"container\">\n\t\t\t\t<div class=\"elementor-element elementor-element-6463c4a elementor-widget elementor-widget-html\" data-id=\"6463c4a\" data-element_type=\"widget\" data-e-type=\"widget\" data-widget_type=\"html.default\">\n\t\t\t\t<div class=\"elementor-widget-container\">\n\t\t\t\t\t<div class=\"boton-hero\">\n    \n<div class=\"container-item\">\n\n<div class=\"phone-link\" style=\"text-decoration: none;\"><a href=\"sms:+1 929-282-7753\"><strong>Habla con un experto ahora<\/strong> <\/a>\n<\/div>\n<div>\n    <img decoding=\"async\"  src=\"https:\/\/img.icons8.com\/?size=100&id=11411&format=png&color=FFFFFF\" width=\"30\" height=\"30\" \/>\n<\/div>\n<\/div>\n<\/div>\t\t\t\t<\/div>\n\t\t\t\t<\/div>\n\t\t\t\t<\/div>\n\t\t\t\t\t<\/div>\n\t\t\t\t<\/div>\n\t\t\t\t<\/div>","protected":false},"excerpt":{"rendered":"<p>Committed to Your Financial Peace of Mind Experience and Empathy at Your Service At Stop My Foreclosure, our mission is to provide you with swift, transparent, and hassle-free solutions, offering real options to save your home or sell without stress. With over two decades of experience assisting homeowners in avoiding foreclosure, we are dedicated to delivering secure and effective alternatives to protect your home and financial stability. Meet the Expert Behind Stop My Foreclosure Karina began her career as a legal assistant in real estate, collaborating with banks on property transactions. In 2008, she earned her real estate salesperson license and later advanced to become a broker. Witnessing the challenges homeowners faced during the 2007-2008 financial crisis, Karina dedicated herself to assisting those struggling with unaffordable mortgages. She specializes in negotiating short sales, loan modifications, and foreclosure alternatives. Her approach is honest, professional, and compassionate, ensuring each client receives the guidance needed to start anew. Karina Prudencio | Real Estate Solutions Specialist Dedicated to Your Peace of Mind Karina has assisted hundreds of homeowners in avoiding foreclosure, providing effective solutions to sell their homes quickly and safeguard their financial well-being. Stop My Foreclosure was founded with a clear purpose: to offer you a swift, transparent, and straightforward process, presenting real options to save your home or sell without stress. Discover How We Can Help You Avoid Foreclosure and Regain Your Peace of Mind Speak with an Expert Now<\/p>","protected":false},"author":1,"featured_media":0,"parent":0,"menu_order":0,"comment_status":"closed","ping_status":"closed","template":"","meta":{"site-sidebar-layout":"no-sidebar","site-content-layout":"page-builder","ast-site-content-layout":"default","site-content-style":"default","site-sidebar-style":"default","ast-global-header-display":"","ast-banner-title-visibility":"","ast-main-header-display":"","ast-hfb-above-header-display":"","ast-hfb-below-header-display":"","ast-hfb-mobile-header-display":"","site-post-title":"disabled","ast-breadcrumbs-content":"","ast-featured-img":"disabled","footer-sml-layout":"","ast-disable-related-posts":"","theme-transparent-header-meta":"","adv-header-id-meta":"","stick-header-meta":"","header-above-stick-meta":"","header-main-stick-meta":"","header-below-stick-meta":"","astra-migrate-meta-layouts":"default","ast-page-background-enabled":"default","ast-page-background-meta":{"desktop":{"background-color":"","background-image":"","background-repeat":"repeat","background-position":"center center","background-size":"auto","background-attachment":"scroll","background-type":"","background-media":"","overlay-type":"","overlay-color":"","overlay-opacity":"","overlay-gradient":""},"tablet":{"background-color":"","background-image":"","background-repeat":"repeat","background-position":"center center","background-size":"auto","background-attachment":"scroll","background-type":"","background-media":"","overlay-type":"","overlay-color":"","overlay-opacity":"","overlay-gradient":""},"mobile":{"background-color":"","background-image":"","background-repeat":"repeat","background-position":"center center","background-size":"auto","background-attachment":"scroll","background-type":"","background-media":"","overlay-type":"","overlay-color":"","overlay-opacity":"","overlay-gradient":""}},"ast-content-background-meta":{"desktop":{"background-color":"var(--ast-global-color-5)","background-image":"","background-repeat":"repeat","background-position":"center center","background-size":"auto","background-attachment":"scroll","background-type":"","background-media":"","overlay-type":"","overlay-color":"","overlay-opacity":"","overlay-gradient":""},"tablet":{"background-color":"var(--ast-global-color-5)","background-image":"","background-repeat":"repeat","background-position":"center center","background-size":"auto","background-attachment":"scroll","background-type":"","background-media":"","overlay-type":"","overlay-color":"","overlay-opacity":"","overlay-gradient":""},"mobile":{"background-color":"var(--ast-global-color-5)","background-image":"","background-repeat":"repeat","background-position":"center center","background-size":"auto","background-attachment":"scroll","background-type":"","background-media":"","overlay-type":"","overlay-color":"","overlay-opacity":"","overlay-gradient":""}},"footnotes":""},"class_list":["post-1362","page","type-page","status-publish","hentry"],"_links":{"self":[{"href":"https:\/\/stopyourforeclosure.co\/es_es\/wp-json\/wp\/v2\/pages\/1362","targetHints":{"allow":["GET"]}}],"collection":[{"href":"https:\/\/stopyourforeclosure.co\/es_es\/wp-json\/wp\/v2\/pages"}],"about":[{"href":"https:\/\/stopyourforeclosure.co\/es_es\/wp-json\/wp\/v2\/types\/page"}],"author":[{"embeddable":true,"href":"https:\/\/stopyourforeclosure.co\/es_es\/wp-json\/wp\/v2\/users\/1"}],"replies":[{"embeddable":true,"href":"https:\/\/stopyourforeclosure.co\/es_es\/wp-json\/wp\/v2\/comments?post=1362"}],"version-history":[{"count":48,"href":"https:\/\/stopyourforeclosure.co\/es_es\/wp-json\/wp\/v2\/pages\/1362\/revisions"}],"predecessor-version":[{"id":2422,"href":"https:\/\/stopyourforeclosure.co\/es_es\/wp-json\/wp\/v2\/pages\/1362\/revisions\/2422"}],"wp:attachment":[{"href":"https:\/\/stopyourforeclosure.co\/es_es\/wp-json\/wp\/v2\/media?parent=1362"}],"curies":[{"name":"wp","href":"https:\/\/api.w.org\/{rel}","templated":true}]}}